{"id":13611,"date":"2020-04-13T22:21:39","date_gmt":"2020-04-13T22:21:39","guid":{"rendered":"https:\/\/fgeimports.com\/?page_id=13611"},"modified":"2025-08-20T18:56:52","modified_gmt":"2025-08-20T18:56:52","slug":"contacto","status":"publish","type":"page","link":"https:\/\/fgeimports.com\/en\/contacto\/","title":{"rendered":"Contact"},"content":{"rendered":"<div data-elementor-type=\"wp-page\" data-elementor-id=\"13611\" class=\"elementor elementor-13611\">\n\t\t\t\t\t\t<section class=\"elementor-section elementor-top-section elementor-element elementor-element-3724f34 elementor-section-boxed elementor-section-height-default elementor-section-height-default\" data-id=\"3724f34\" data-element_type=\"section\" data-e-type=\"section\">\n\t\t\t\t\t\t<div class=\"elementor-container elementor-column-gap-no\">\n\t\t\t\t\t<div class=\"elementor-column elementor-col-100 elementor-top-column elementor-element elementor-element-9b8c152\" data-id=\"9b8c152\" data-element_type=\"column\" data-e-type=\"column\">\n\t\t\t<div class=\"elementor-widget-wrap elementor-element-populated\">\n\t\t\t\t\t\t<div class=\"elementor-element elementor-element-e42573f lte-contacts-icons elementor-widget elementor-widget-lte-icons\" data-id=\"e42573f\" data-element_type=\"widget\" data-e-type=\"widget\" data-widget_type=\"lte-icons.default\">\n\t\t\t\t<div class=\"elementor-widget-container\">\n\t\t\t\t\t<ul class=\"lte-block-icon has-descr  icons-count-3 lte-icon-space-md lte-icon-shape-default lte-icon-background-disabled lte-icon-border-disabled lte-icon-color-main lte-icon-divider-dashed lte-icon-inner-padding-no lte-icon-size-xsmall lte-header-color-default lte-icon-type-top lte-icon-align- layout-cols4 lte-additional-disabled\"><li class=\"col-lg-3 col-md-3 col-sm-6 col-ms-6 col-xs-6\"><div   class=\"lte-inner\"><i aria-hidden=\"true\" class=\"icon icon-phone-call-1\"><\/i><span class=\"lte-icon-content\"> <span class=\"lte-header lte-h6\"> Phone <\/span> <span class=\"lte-descr\">+34 624 854 181<br \/>\n<\/span><\/span><\/div><\/li><li class=\"col-lg-3 col-md-3 col-sm-6 col-ms-6 col-xs-6\"><div   class=\"lte-inner\"><i aria-hidden=\"true\" class=\"icon icon-clock-2\"><\/i><span class=\"lte-icon-content\"> <span class=\"lte-header lte-h6\"> Opening Hours <\/span> <span class=\"lte-descr\">Monday - Saturday<br \/>\n08h00 - 21h00<\/span><\/span><\/div><\/li><li class=\"col-lg-3 col-md-3 col-sm-6 col-ms-6 col-xs-6\"><div   class=\"lte-inner\"><i aria-hidden=\"true\" class=\"icon icon-mail\"><\/i><span class=\"lte-icon-content\"> <span class=\"lte-header lte-h6\"> Email <\/span> <span class=\"lte-descr\">fgeconsulting@fgeimports.com<\/span><\/span><\/div><\/li><\/ul>\t\t\t\t<\/div>\n\t\t\t\t<\/div>\n\t\t\t\t<div class=\"elementor-element elementor-element-16d0b91 elementor-widget elementor-widget-spacer\" data-id=\"16d0b91\" data-element_type=\"widget\" data-e-type=\"widget\" data-widget_type=\"spacer.default\">\n\t\t\t\t<div class=\"elementor-widget-container\">\n\t\t\t\t\t\t\t<div class=\"elementor-spacer\">\n\t\t\t<div class=\"elementor-spacer-inner\"><\/div>\n\t\t<\/div>\n\t\t\t\t\t\t<\/div>\n\t\t\t\t<\/div>\n\t\t\t\t\t<\/div>\n\t\t<\/div>\n\t\t\t\t\t<\/div>\n\t\t<\/section>\n\t\t\t\t<section class=\"elementor-section elementor-top-section elementor-element elementor-element-64644a1 elementor-section-boxed elementor-section-height-default elementor-section-height-default\" data-id=\"64644a1\" data-element_type=\"section\" data-e-type=\"section\">\n\t\t\t\t\t\t<div class=\"elementor-container elementor-column-gap-default\">\n\t\t\t\t\t<div class=\"elementor-column elementor-col-100 elementor-top-column elementor-element elementor-element-92b576b\" data-id=\"92b576b\" data-element_type=\"column\" data-e-type=\"column\">\n\t\t\t<div class=\"elementor-widget-wrap elementor-element-populated\">\n\t\t\t\t\t\t<div class=\"elementor-element elementor-element-a2b7798 elementor-widget elementor-widget-heading\" data-id=\"a2b7798\" data-element_type=\"widget\" data-e-type=\"widget\" data-widget_type=\"heading.default\">\n\t\t\t\t<div class=\"elementor-widget-container\">\n\t\t\t\t\t<h3 class=\"elementor-heading-title elementor-size-default\">Want more details about a vehicle or our custom import service?<\/h3>\t\t\t\t<\/div>\n\t\t\t\t<\/div>\n\t\t\t\t<div class=\"elementor-element elementor-element-623b2ae elementor-widget elementor-widget-spacer\" data-id=\"623b2ae\" data-element_type=\"widget\" data-e-type=\"widget\" data-widget_type=\"spacer.default\">\n\t\t\t\t<div class=\"elementor-widget-container\">\n\t\t\t\t\t\t\t<div class=\"elementor-spacer\">\n\t\t\t<div class=\"elementor-spacer-inner\"><\/div>\n\t\t<\/div>\n\t\t\t\t\t\t<\/div>\n\t\t\t\t<\/div>\n\t\t\t\t<div class=\"elementor-element elementor-element-4b15afa elementor-widget elementor-widget-text-editor\" data-id=\"4b15afa\" data-element_type=\"widget\" data-e-type=\"widget\" data-widget_type=\"text-editor.default\">\n\t\t\t\t<div class=\"elementor-widget-container\">\n\t\t\t\t\t\t\t\t\t<p>We\u2019re here to help. Fill out the form below and our team will get back to you as soon as possible. At PuraSangre Imports, every client is unique \u2014 that\u2019s why we offer exclusive, personalized service. This is your luxury car contact point, where your journey toward a distinctive driving experience begins.<\/p>\t\t\t\t\t\t\t\t<\/div>\n\t\t\t\t<\/div>\n\t\t\t\t\t<\/div>\n\t\t<\/div>\n\t\t\t\t\t<\/div>\n\t\t<\/section>\n\t\t\t\t<section class=\"elementor-section elementor-top-section elementor-element elementor-element-0637fe6 elementor-section-boxed elementor-section-height-default elementor-section-height-default\" data-id=\"0637fe6\" data-element_type=\"section\" data-e-type=\"section\">\n\t\t\t\t\t\t<div class=\"elementor-container elementor-column-gap-default\">\n\t\t\t\t\t<div class=\"elementor-column elementor-col-100 elementor-top-column elementor-element elementor-element-5f5bad5\" data-id=\"5f5bad5\" data-element_type=\"column\" data-e-type=\"column\">\n\t\t\t<div class=\"elementor-widget-wrap elementor-element-populated\">\n\t\t\t\t\t\t<div class=\"elementor-element elementor-element-abea02b elementor-widget elementor-widget-spacer\" data-id=\"abea02b\" data-element_type=\"widget\" data-e-type=\"widget\" data-widget_type=\"spacer.default\">\n\t\t\t\t<div class=\"elementor-widget-container\">\n\t\t\t\t\t\t\t<div class=\"elementor-spacer\">\n\t\t\t<div class=\"elementor-spacer-inner\"><\/div>\n\t\t<\/div>\n\t\t\t\t\t\t<\/div>\n\t\t\t\t<\/div>\n\t\t\t\t<div class=\"elementor-element elementor-element-c76a175 lte-heading-style-header-subheader elementor-widget elementor-widget-lte-header\" data-id=\"c76a175\" data-element_type=\"widget\" data-e-type=\"widget\" data-widget_type=\"lte-header.default\">\n\t\t\t\t<div class=\"elementor-widget-container\">\n\t\t\t\t\t<div class=\"lte-heading lte-style-header-subheader lte-underline lte-subcolor-main heading-tag-h4 heading-subtag-h6\"><div class=\"lte-heading-content\"><h4 class=\"lte-header\">Send a message<\/h4><\/div><\/div>\t\t\t\t<\/div>\n\t\t\t\t<\/div>\n\t\t\t\t<div class=\"elementor-element elementor-element-263f7fb elementor-widget elementor-widget-spacer\" data-id=\"263f7fb\" data-element_type=\"widget\" data-e-type=\"widget\" data-widget_type=\"spacer.default\">\n\t\t\t\t<div class=\"elementor-widget-container\">\n\t\t\t\t\t\t\t<div class=\"elementor-spacer\">\n\t\t\t<div class=\"elementor-spacer-inner\"><\/div>\n\t\t<\/div>\n\t\t\t\t\t\t<\/div>\n\t\t\t\t<\/div>\n\t\t\t\t<div class=\"elementor-element elementor-element-9d9add7 lte-background-gray elementor-widget elementor-widget-lte-cf7\" data-id=\"9d9add7\" data-element_type=\"widget\" data-e-type=\"widget\" data-widget_type=\"lte-cf7.default\">\n\t\t\t\t<div class=\"elementor-widget-container\">\n\t\t\t\t\t<div class=\"lte-contact-form-7 lte-padding-yes lte-full-width-no\">\n<div class=\"wpcf7 no-js\" id=\"wpcf7-f12000-o1\" lang=\"en-US\" dir=\"ltr\" data-wpcf7-id=\"12000\">\n<div class=\"screen-reader-response\"><p role=\"status\" aria-live=\"polite\" aria-atomic=\"true\"><\/p> <ul><\/ul><\/div>\n<form action=\"\/en\/wp-json\/wp\/v2\/pages\/13611#wpcf7-f12000-o1\" method=\"post\" class=\"wpcf7-form init\" aria-label=\"Contact form\" novalidate=\"novalidate\" data-status=\"init\" data-trp-original-action=\"\/en\/wp-json\/wp\/v2\/pages\/13611#wpcf7-f12000-o1\">\n<fieldset class=\"hidden-fields-container\"><input type=\"hidden\" name=\"_wpcf7\" value=\"12000\" \/><input type=\"hidden\" name=\"_wpcf7_version\" value=\"6.1.5\" \/><input type=\"hidden\" name=\"_wpcf7_locale\" value=\"en_US\" \/><input type=\"hidden\" name=\"_wpcf7_unit_tag\" value=\"wpcf7-f12000-o1\" \/><input type=\"hidden\" name=\"_wpcf7_container_post\" value=\"0\" \/><input type=\"hidden\" name=\"_wpcf7_posted_data_hash\" value=\"\" \/><input type=\"hidden\" name=\"_wpcf7_recaptcha_response\" value=\"\" \/>\n<\/fieldset>\n<div class=\"row\">\n\t<div class=\"col-lg-6 col-md-12 col-xs-12\">\n\t\t<p><span class=\"wpcf7-form-control-wrap\" data-name=\"field-name\"><input size=\"40\" maxlength=\"400\" class=\"wpcf7-form-control wpcf7-text wpcf7-validates-as-required\" aria-required=\"true\" aria-invalid=\"false\" placeholder=\"Your name\" value=\"\" type=\"text\" name=\"field-name\" \/><\/span>\n\t\t<\/p>\n\t<\/div>\n\t<div class=\"col-lg-6 col-md-12 col-xs-12\">\n\t\t<p><span class=\"wpcf7-form-control-wrap\" data-name=\"field-email\"><input size=\"40\" maxlength=\"400\" class=\"wpcf7-form-control wpcf7-text wpcf7-validates-as-required\" aria-required=\"true\" aria-invalid=\"false\" placeholder=\"Your email\" value=\"\" type=\"text\" name=\"field-email\" \/><\/span>\n\t\t<\/p>\n\t<\/div>\n\t<div class=\"col-lg-12 col-md-12 col-xs-12\">\n\t\t<p><span class=\"wpcf7-form-control-wrap\" data-name=\"field-message\"><textarea cols=\"40\" rows=\"10\" maxlength=\"2000\" class=\"wpcf7-form-control wpcf7-textarea\" aria-invalid=\"false\" placeholder=\"Message\" name=\"field-message\"><\/textarea><\/span>\n\t\t<\/p>\n\t<\/div>\n<\/div>\n<p><input class=\"wpcf7-form-control wpcf7-submit has-spinner\" type=\"submit\" value=\"Send\" \/>\n<\/p><div class=\"wpcf7-response-output\" aria-hidden=\"true\"><\/div>\n<input type=\"hidden\" name=\"trp-form-language\" value=\"en\"\/><\/form>\n<\/div>\n<\/div>\t\t\t\t<\/div>\n\t\t\t\t<\/div>\n\t\t\t\t<div class=\"elementor-element elementor-element-1450e89 elementor-widget__width-auto elementor-fixed btn-whatsapp elementor-widget elementor-widget-eael-creative-button\" data-id=\"1450e89\" data-element_type=\"widget\" data-e-type=\"widget\" data-settings=\"{&quot;_position&quot;:&quot;fixed&quot;}\" data-widget_type=\"eael-creative-button.default\">\n\t\t\t\t<div class=\"elementor-widget-container\">\n\t\t\t\t\t        <div class=\"eael-creative-button-wrapper\">\n\n            <a class=\"eael-creative-button eael-creative-button--rayen eael-cb-icon-position-left\" href=\"https:\/\/wa.me\/+34624854181\" data-text=\"Hablar ahora\">\n            \t    \n                <div class=\"creative-button-inner\">\n\n                                            <span class=\"eael-creative-button-icon-left\"><i aria-hidden=\"true\" class=\"fab fa-whatsapp\"><\/i><\/span>                    \n                    <span class=\"cretive-button-text\">Whatsapp<\/span>\n\n                                    <\/div>\n\t                        <\/a>\n        <\/div>\n        \t\t\t\t<\/div>\n\t\t\t\t<\/div>\n\t\t\t\t\t<\/div>\n\t\t<\/div>\n\t\t\t\t\t<\/div>\n\t\t<\/section>\n\t\t\t\t<\/div>","protected":false},"excerpt":{"rendered":"<p>Tel\u00e9fono +34 624 854 181 Horario Lunes &#8211; S\u00e1bado 08h00 &#8211; 21h00 Email fgeconsulting@fgeimports.com \u00bfQuieres m\u00e1s informaci\u00f3n sobre un veh\u00edculo o nuestro servicio a medida? Estamos aqu\u00ed para ayudarte. Rellena el siguiente formulario y nuestro equipo se pondr\u00e1 en contacto contigo lo antes posible. En PuraSangre Imports, cada cliente es \u00fanico, y por eso ofrecemos [&hellip;]<\/p>\n","protected":false},"author":1,"featured_media":19660,"parent":0,"menu_order":0,"comment_status":"closed","ping_status":"closed","template":"page-templates\/full-width.php","meta":{"footnotes":""},"class_list":["post-13611","page","type-page","status-publish","has-post-thumbnail","hentry"],"yoast_head":"<!-- This site is optimized with the Yoast SEO plugin v27.5 - https:\/\/yoast.com\/product\/yoast-seo-wordpress\/ -->\n<title>Contacto - PuraSangre Imports<\/title>\n<meta name=\"description\" content=\"Contacta con PuraSangre Imports. Resolveremos tus dudas y te ayudaremos a encontrar tu coche ideal. Atenci\u00f3n personalizada y flexible.\" \/>\n<meta name=\"robots\" content=\"index, follow, max-snippet:-1, max-image-preview:large, max-video-preview:-1\" \/>\n<link rel=\"canonical\" href=\"https:\/\/fgeimports.com\/en\/contacto\/\" \/>\n<meta property=\"og:locale\" content=\"en_GB\" \/>\n<meta property=\"og:type\" content=\"article\" \/>\n<meta property=\"og:title\" content=\"Contacto - PuraSangre Imports\" \/>\n<meta property=\"og:description\" content=\"Contacta con PuraSangre Imports. Resolveremos tus dudas y te ayudaremos a encontrar tu coche ideal. Atenci\u00f3n personalizada y flexible.\" \/>\n<meta property=\"og:url\" content=\"https:\/\/fgeimports.com\/en\/contacto\/\" \/>\n<meta property=\"og:site_name\" content=\"PuraSangre Imports\" \/>\n<meta property=\"article:modified_time\" content=\"2025-08-20T18:56:52+00:00\" \/>\n<meta property=\"og:image\" content=\"https:\/\/fgeimports.com\/wp-content\/uploads\/2025\/05\/bg-header-contact2.jpg\" \/>\n\t<meta property=\"og:image:width\" content=\"1600\" \/>\n\t<meta property=\"og:image:height\" content=\"833\" \/>\n\t<meta property=\"og:image:type\" content=\"image\/jpeg\" \/>\n<meta name=\"twitter:card\" content=\"summary_large_image\" \/>\n<meta name=\"twitter:label1\" content=\"Estimated reading time\" \/>\n\t<meta name=\"twitter:data1\" content=\"1 minute\" \/>\n<script type=\"application\/ld+json\" class=\"yoast-schema-graph\">{\"@context\":\"https:\\\/\\\/schema.org\",\"@graph\":[{\"@type\":\"WebPage\",\"@id\":\"https:\\\/\\\/fgeimports.com\\\/contacto\\\/\",\"url\":\"https:\\\/\\\/fgeimports.com\\\/contacto\\\/\",\"name\":\"Contacto - PuraSangre Imports\",\"isPartOf\":{\"@id\":\"https:\\\/\\\/fgeimports.com\\\/#website\"},\"primaryImageOfPage\":{\"@id\":\"https:\\\/\\\/fgeimports.com\\\/contacto\\\/#primaryimage\"},\"image\":{\"@id\":\"https:\\\/\\\/fgeimports.com\\\/contacto\\\/#primaryimage\"},\"thumbnailUrl\":\"https:\\\/\\\/fgeimports.com\\\/wp-content\\\/uploads\\\/2025\\\/05\\\/bg-header-contact2.jpg\",\"datePublished\":\"2020-04-13T22:21:39+00:00\",\"dateModified\":\"2025-08-20T18:56:52+00:00\",\"description\":\"Contacta con PuraSangre Imports. Resolveremos tus dudas y te ayudaremos a encontrar tu coche ideal. Atenci\u00f3n personalizada y flexible.\",\"breadcrumb\":{\"@id\":\"https:\\\/\\\/fgeimports.com\\\/contacto\\\/#breadcrumb\"},\"inLanguage\":\"en-GB\",\"potentialAction\":[{\"@type\":\"ReadAction\",\"target\":[\"https:\\\/\\\/fgeimports.com\\\/contacto\\\/\"]}]},{\"@type\":\"ImageObject\",\"inLanguage\":\"en-GB\",\"@id\":\"https:\\\/\\\/fgeimports.com\\\/contacto\\\/#primaryimage\",\"url\":\"https:\\\/\\\/fgeimports.com\\\/wp-content\\\/uploads\\\/2025\\\/05\\\/bg-header-contact2.jpg\",\"contentUrl\":\"https:\\\/\\\/fgeimports.com\\\/wp-content\\\/uploads\\\/2025\\\/05\\\/bg-header-contact2.jpg\",\"width\":1600,\"height\":833},{\"@type\":\"BreadcrumbList\",\"@id\":\"https:\\\/\\\/fgeimports.com\\\/contacto\\\/#breadcrumb\",\"itemListElement\":[{\"@type\":\"ListItem\",\"position\":1,\"name\":\"Portada\",\"item\":\"https:\\\/\\\/fgeimports.com\\\/\"},{\"@type\":\"ListItem\",\"position\":2,\"name\":\"Contacto\"}]},{\"@type\":\"WebSite\",\"@id\":\"https:\\\/\\\/fgeimports.com\\\/#website\",\"url\":\"https:\\\/\\\/fgeimports.com\\\/\",\"name\":\"PuraSangre Imports\",\"description\":\"Tu coche ideal existe. Nosotros lo encontramos para ti.\",\"publisher\":{\"@id\":\"https:\\\/\\\/fgeimports.com\\\/#organization\"},\"potentialAction\":[{\"@type\":\"SearchAction\",\"target\":{\"@type\":\"EntryPoint\",\"urlTemplate\":\"https:\\\/\\\/fgeimports.com\\\/?s={search_term_string}\"},\"query-input\":{\"@type\":\"PropertyValueSpecification\",\"valueRequired\":true,\"valueName\":\"search_term_string\"}}],\"inLanguage\":\"en-GB\"},{\"@type\":\"Organization\",\"@id\":\"https:\\\/\\\/fgeimports.com\\\/#organization\",\"name\":\"PuraSangre Imports\",\"url\":\"https:\\\/\\\/fgeimports.com\\\/\",\"logo\":{\"@type\":\"ImageObject\",\"inLanguage\":\"en-GB\",\"@id\":\"https:\\\/\\\/fgeimports.com\\\/#\\\/schema\\\/logo\\\/image\\\/\",\"url\":\"https:\\\/\\\/fgeimports.com\\\/wp-content\\\/uploads\\\/2025\\\/04\\\/og-image1200x630.jpg\",\"contentUrl\":\"https:\\\/\\\/fgeimports.com\\\/wp-content\\\/uploads\\\/2025\\\/04\\\/og-image1200x630.jpg\",\"width\":1200,\"height\":630,\"caption\":\"PuraSangre Imports\"},\"image\":{\"@id\":\"https:\\\/\\\/fgeimports.com\\\/#\\\/schema\\\/logo\\\/image\\\/\"},\"sameAs\":[\"https:\\\/\\\/www.instagram.com\\\/purasangreautomobile\\\/\"]}]}<\/script>\n<!-- \/ Yoast SEO plugin. -->","yoast_head_json":{"title":"Contacto - PuraSangre Imports","description":"Contacta con PuraSangre Imports. Resolveremos tus dudas y te ayudaremos a encontrar tu coche ideal. Atenci\u00f3n personalizada y flexible.","robots":{"index":"index","follow":"follow","max-snippet":"max-snippet:-1","max-image-preview":"max-image-preview:large","max-video-preview":"max-video-preview:-1"},"canonical":"https:\/\/fgeimports.com\/en\/contacto\/","og_locale":"en_GB","og_type":"article","og_title":"Contacto - PuraSangre Imports","og_description":"Contacta con PuraSangre Imports. Resolveremos tus dudas y te ayudaremos a encontrar tu coche ideal. Atenci\u00f3n personalizada y flexible.","og_url":"https:\/\/fgeimports.com\/en\/contacto\/","og_site_name":"PuraSangre Imports","article_modified_time":"2025-08-20T18:56:52+00:00","og_image":[{"width":1600,"height":833,"url":"https:\/\/fgeimports.com\/wp-content\/uploads\/2025\/05\/bg-header-contact2.jpg","type":"image\/jpeg"}],"twitter_card":"summary_large_image","twitter_misc":{"Estimated reading time":"1 minute"},"schema":{"@context":"https:\/\/schema.org","@graph":[{"@type":"WebPage","@id":"https:\/\/fgeimports.com\/contacto\/","url":"https:\/\/fgeimports.com\/contacto\/","name":"Contacto - PuraSangre Imports","isPartOf":{"@id":"https:\/\/fgeimports.com\/#website"},"primaryImageOfPage":{"@id":"https:\/\/fgeimports.com\/contacto\/#primaryimage"},"image":{"@id":"https:\/\/fgeimports.com\/contacto\/#primaryimage"},"thumbnailUrl":"https:\/\/fgeimports.com\/wp-content\/uploads\/2025\/05\/bg-header-contact2.jpg","datePublished":"2020-04-13T22:21:39+00:00","dateModified":"2025-08-20T18:56:52+00:00","description":"Contacta con PuraSangre Imports. Resolveremos tus dudas y te ayudaremos a encontrar tu coche ideal. Atenci\u00f3n personalizada y flexible.","breadcrumb":{"@id":"https:\/\/fgeimports.com\/contacto\/#breadcrumb"},"inLanguage":"en-GB","potentialAction":[{"@type":"ReadAction","target":["https:\/\/fgeimports.com\/contacto\/"]}]},{"@type":"ImageObject","inLanguage":"en-GB","@id":"https:\/\/fgeimports.com\/contacto\/#primaryimage","url":"https:\/\/fgeimports.com\/wp-content\/uploads\/2025\/05\/bg-header-contact2.jpg","contentUrl":"https:\/\/fgeimports.com\/wp-content\/uploads\/2025\/05\/bg-header-contact2.jpg","width":1600,"height":833},{"@type":"BreadcrumbList","@id":"https:\/\/fgeimports.com\/contacto\/#breadcrumb","itemListElement":[{"@type":"ListItem","position":1,"name":"Portada","item":"https:\/\/fgeimports.com\/"},{"@type":"ListItem","position":2,"name":"Contacto"}]},{"@type":"WebSite","@id":"https:\/\/fgeimports.com\/#website","url":"https:\/\/fgeimports.com\/","name":"PuraSangre Imports","description":"Tu coche ideal existe. Nosotros lo encontramos para ti.","publisher":{"@id":"https:\/\/fgeimports.com\/#organization"},"potentialAction":[{"@type":"SearchAction","target":{"@type":"EntryPoint","urlTemplate":"https:\/\/fgeimports.com\/?s={search_term_string}"},"query-input":{"@type":"PropertyValueSpecification","valueRequired":true,"valueName":"search_term_string"}}],"inLanguage":"en-GB"},{"@type":"Organization","@id":"https:\/\/fgeimports.com\/#organization","name":"PuraSangre Imports","url":"https:\/\/fgeimports.com\/","logo":{"@type":"ImageObject","inLanguage":"en-GB","@id":"https:\/\/fgeimports.com\/#\/schema\/logo\/image\/","url":"https:\/\/fgeimports.com\/wp-content\/uploads\/2025\/04\/og-image1200x630.jpg","contentUrl":"https:\/\/fgeimports.com\/wp-content\/uploads\/2025\/04\/og-image1200x630.jpg","width":1200,"height":630,"caption":"PuraSangre Imports"},"image":{"@id":"https:\/\/fgeimports.com\/#\/schema\/logo\/image\/"},"sameAs":["https:\/\/www.instagram.com\/purasangreautomobile\/"]}]}},"_links":{"self":[{"href":"https:\/\/fgeimports.com\/en\/wp-json\/wp\/v2\/pages\/13611","targetHints":{"allow":["GET"]}}],"collection":[{"href":"https:\/\/fgeimports.com\/en\/wp-json\/wp\/v2\/pages"}],"about":[{"href":"https:\/\/fgeimports.com\/en\/wp-json\/wp\/v2\/types\/page"}],"author":[{"embeddable":true,"href":"https:\/\/fgeimports.com\/en\/wp-json\/wp\/v2\/users\/1"}],"replies":[{"embeddable":true,"href":"https:\/\/fgeimports.com\/en\/wp-json\/wp\/v2\/comments?post=13611"}],"version-history":[{"count":86,"href":"https:\/\/fgeimports.com\/en\/wp-json\/wp\/v2\/pages\/13611\/revisions"}],"predecessor-version":[{"id":20212,"href":"https:\/\/fgeimports.com\/en\/wp-json\/wp\/v2\/pages\/13611\/revisions\/20212"}],"wp:featuredmedia":[{"embeddable":true,"href":"https:\/\/fgeimports.com\/en\/wp-json\/wp\/v2\/media\/19660"}],"wp:attachment":[{"href":"https:\/\/fgeimports.com\/en\/wp-json\/wp\/v2\/media?parent=13611"}],"curies":[{"name":"wp","href":"https:\/\/api.w.org\/{rel}","templated":true}]}}