{"id":14726,"date":"2020-05-30T15:12:50","date_gmt":"2020-05-30T15:12:50","guid":{"rendered":"https:\/\/fgeimports.com\/?page_id=14726"},"modified":"2025-05-16T14:59:27","modified_gmt":"2025-05-16T14:59:27","slug":"politica-de-privacidad","status":"publish","type":"page","link":"https:\/\/fgeimports.com\/en\/politica-de-privacidad\/","title":{"rendered":"Privacy Policy"},"content":{"rendered":"<div data-elementor-type=\"wp-page\" data-elementor-id=\"14726\" class=\"elementor elementor-14726\">\n\t\t\t\t\t\t<section class=\"elementor-section elementor-top-section elementor-element elementor-element-f5f5cd0 elementor-section-boxed elementor-section-height-default elementor-section-height-default\" data-id=\"f5f5cd0\" data-element_type=\"section\" data-e-type=\"section\">\n\t\t\t\t\t\t<div class=\"elementor-container elementor-column-gap-default\">\n\t\t\t\t\t<div class=\"elementor-column elementor-col-100 elementor-top-column elementor-element elementor-element-571740d\" data-id=\"571740d\" data-element_type=\"column\" data-e-type=\"column\">\n\t\t\t<div class=\"elementor-widget-wrap elementor-element-populated\">\n\t\t\t\t\t\t<div class=\"elementor-element elementor-element-c62264c elementor-widget elementor-widget-text-editor\" data-id=\"c62264c\" data-element_type=\"widget\" data-e-type=\"widget\" data-widget_type=\"text-editor.default\">\n\t\t\t\t<div class=\"elementor-widget-container\">\n\t\t\t\t\t\t\t\t\t<p>In accordance with Regulation (EU) 2016\/679 (GDPR) and Organic Law 3\/2018 (LOPDGDD), we inform you that any personal data provided through the website www.fgeimports.com will be processed in accordance with this privacy policy.<\/p>\n\n<h4>1. Data Controller<\/h4>\n<ul>\n  <li class=\"translation-block\"><strong>Controller:<\/strong> FGE Imports &amp; Investments S.L<\/li>\n  <li class=\"translation-block\"><strong>Tax ID (CIF):<\/strong> B75734392<\/li>\n  <li class=\"translation-block\"><strong>Address:<\/strong> C\/ Iglesia, 11 \u2013 22586 Lascuarre, Huesca, Spain<\/li>\n  <li><strong>Phone:<\/strong> +34 624 854 181<\/li>\n  <li><strong>Email:<\/strong> fgeconsulting@fgeimports.com<\/li>\n<\/ul>\n\n<h4>2. Data Collected<\/h4>\n<p>We collect personal data via our forms, including: name, surname, email, phone number, city, country, vehicle preferences, estimated budget, and additional comments.<\/p>\n\n<h4>3. Purpose of Processing<\/h4>\n<ul>\n  <li>To respond to inquiries and contact requests.<\/li>\n  <li>To prepare quotes and tailored vehicle proposals.<\/li>\n  <li>To analyze user interests and improve services.<\/li>\n  <li>To manage potential commercial relationships.<\/li>\n<\/ul>\n\n<h4>4. Legal Basis<\/h4>\n<p>We process your data based on your consent, and on our legitimate interest to respond to your requests and manage business contacts.<\/p>\n\n<h4>5. Data Retention<\/h4>\n<p>Data will be kept while a commercial relationship exists or for up to 12 months from the last contact if no contractual relationship is established.<\/p>\n\n<h4>6. Data Recipients<\/h4>\n<p>No data will be transferred to third parties unless legally required. However, we use third-party services that may access personal data:<\/p>\n<ul>\n  <li class=\"translation-block\"><strong>Google Analytics:<\/strong> for website usage analysis. See their <a href=\"https:\/\/policies.google.com\/privacy\" target=\"_blank\">privacy policy<\/a>.<\/li>\n  <li class=\"translation-block\"><strong>Hostinger:<\/strong> our web hosting provider. See their <a href=\"https:\/\/www.hostinger.com\/privacy-policy\" target=\"_blank\">privacy policy<\/a>.<\/li>\n<\/ul>\n\n<h4>7. Your Rights<\/h4>\n<p class=\"translation-block\">You have the right to access, rectify, delete, object to, limit processing, and request portability of your data by contacting <strong>fgeconsulting@fgeimports.com<\/strong> and providing a copy of your ID. You may also file a complaint with the <a href=\"https:\/\/www.aepd.es\" target=\"_blank\">Spanish Data Protection Agency<\/a>.<\/p>\n\n<h4>8. Security Measures<\/h4>\n<p>FGE Imports &amp; Investments S.L implements technical and organizational measures to ensure the security of your personal data.<\/p>\n\t\t\t\t\t\t\t\t<\/div>\n\t\t\t\t<\/div>\n\t\t\t\t\t<\/div>\n\t\t<\/div>\n\t\t\t\t\t<\/div>\n\t\t<\/section>\n\t\t\t\t<\/div>","protected":false},"excerpt":{"rendered":"<p>En cumplimiento del Reglamento (UE) 2016\/679 (RGPD) y la Ley Org\u00e1nica 3\/2018 (LOPDGDD), le informamos de que los datos personales facilitados a trav\u00e9s del sitio web www.fgeimports.com ser\u00e1n tratados conforme a esta pol\u00edtica. 1. Responsable del tratamiento Responsable: FGE Imports &#038; Investments S.L CIF: B75734392 Domicilio: C\/ Iglesia, 11 \u2013 22586 Lascuarre, Huesca, Espa\u00f1a Tel\u00e9fono: [&hellip;]<\/p>\n","protected":false},"author":1,"featured_media":0,"parent":0,"menu_order":0,"comment_status":"closed","ping_status":"closed","template":"","meta":{"footnotes":""},"class_list":["post-14726","page","type-page","status-publish","hentry"],"yoast_head":"<!-- This site is optimized with the Yoast SEO plugin v27.5 - https:\/\/yoast.com\/product\/yoast-seo-wordpress\/ -->\n<title>Pol\u00edtica de privacidad - PuraSangre Imports<\/title>\n<meta name=\"description\" content=\"Conoce c\u00f3mo PuraSangre Imports protege tus datos personales. Informaci\u00f3n sobre tratamiento, derechos del usuario y uso responsable.\" \/>\n<meta name=\"robots\" content=\"index, follow, max-snippet:-1, max-image-preview:large, max-video-preview:-1\" \/>\n<link rel=\"canonical\" href=\"https:\/\/fgeimports.com\/en\/politica-de-privacidad\/\" \/>\n<meta property=\"og:locale\" content=\"en_GB\" \/>\n<meta property=\"og:type\" content=\"article\" \/>\n<meta property=\"og:title\" content=\"Pol\u00edtica de privacidad - PuraSangre Imports\" \/>\n<meta property=\"og:description\" content=\"Conoce c\u00f3mo PuraSangre Imports protege tus datos personales. Informaci\u00f3n sobre tratamiento, derechos del usuario y uso responsable.\" \/>\n<meta property=\"og:url\" content=\"https:\/\/fgeimports.com\/en\/politica-de-privacidad\/\" \/>\n<meta property=\"og:site_name\" content=\"PuraSangre Imports\" \/>\n<meta property=\"article:modified_time\" content=\"2025-05-16T14:59:27+00:00\" \/>\n<meta name=\"twitter:card\" content=\"summary_large_image\" \/>\n<meta name=\"twitter:label1\" content=\"Estimated reading time\" \/>\n\t<meta name=\"twitter:data1\" content=\"2 minutes\" \/>\n<script type=\"application\/ld+json\" class=\"yoast-schema-graph\">{\"@context\":\"https:\\\/\\\/schema.org\",\"@graph\":[{\"@type\":\"WebPage\",\"@id\":\"https:\\\/\\\/fgeimports.com\\\/politica-de-privacidad\\\/\",\"url\":\"https:\\\/\\\/fgeimports.com\\\/politica-de-privacidad\\\/\",\"name\":\"Pol\u00edtica de privacidad - PuraSangre Imports\",\"isPartOf\":{\"@id\":\"https:\\\/\\\/fgeimports.com\\\/#website\"},\"datePublished\":\"2020-05-30T15:12:50+00:00\",\"dateModified\":\"2025-05-16T14:59:27+00:00\",\"description\":\"Conoce c\u00f3mo PuraSangre Imports protege tus datos personales. Informaci\u00f3n sobre tratamiento, derechos del usuario y uso responsable.\",\"breadcrumb\":{\"@id\":\"https:\\\/\\\/fgeimports.com\\\/politica-de-privacidad\\\/#breadcrumb\"},\"inLanguage\":\"en-GB\",\"potentialAction\":[{\"@type\":\"ReadAction\",\"target\":[\"https:\\\/\\\/fgeimports.com\\\/politica-de-privacidad\\\/\"]}]},{\"@type\":\"BreadcrumbList\",\"@id\":\"https:\\\/\\\/fgeimports.com\\\/politica-de-privacidad\\\/#breadcrumb\",\"itemListElement\":[{\"@type\":\"ListItem\",\"position\":1,\"name\":\"Portada\",\"item\":\"https:\\\/\\\/fgeimports.com\\\/\"},{\"@type\":\"ListItem\",\"position\":2,\"name\":\"Pol\u00edtica de privacidad\"}]},{\"@type\":\"WebSite\",\"@id\":\"https:\\\/\\\/fgeimports.com\\\/#website\",\"url\":\"https:\\\/\\\/fgeimports.com\\\/\",\"name\":\"PuraSangre Imports\",\"description\":\"Tu coche ideal existe. Nosotros lo encontramos para ti.\",\"publisher\":{\"@id\":\"https:\\\/\\\/fgeimports.com\\\/#organization\"},\"potentialAction\":[{\"@type\":\"SearchAction\",\"target\":{\"@type\":\"EntryPoint\",\"urlTemplate\":\"https:\\\/\\\/fgeimports.com\\\/?s={search_term_string}\"},\"query-input\":{\"@type\":\"PropertyValueSpecification\",\"valueRequired\":true,\"valueName\":\"search_term_string\"}}],\"inLanguage\":\"en-GB\"},{\"@type\":\"Organization\",\"@id\":\"https:\\\/\\\/fgeimports.com\\\/#organization\",\"name\":\"PuraSangre Imports\",\"url\":\"https:\\\/\\\/fgeimports.com\\\/\",\"logo\":{\"@type\":\"ImageObject\",\"inLanguage\":\"en-GB\",\"@id\":\"https:\\\/\\\/fgeimports.com\\\/#\\\/schema\\\/logo\\\/image\\\/\",\"url\":\"https:\\\/\\\/fgeimports.com\\\/wp-content\\\/uploads\\\/2025\\\/04\\\/og-image1200x630.jpg\",\"contentUrl\":\"https:\\\/\\\/fgeimports.com\\\/wp-content\\\/uploads\\\/2025\\\/04\\\/og-image1200x630.jpg\",\"width\":1200,\"height\":630,\"caption\":\"PuraSangre Imports\"},\"image\":{\"@id\":\"https:\\\/\\\/fgeimports.com\\\/#\\\/schema\\\/logo\\\/image\\\/\"},\"sameAs\":[\"https:\\\/\\\/www.instagram.com\\\/purasangreautomobile\\\/\"]}]}<\/script>\n<!-- \/ Yoast SEO plugin. -->","yoast_head_json":{"title":"Pol\u00edtica de privacidad - PuraSangre Imports","description":"Conoce c\u00f3mo PuraSangre Imports protege tus datos personales. Informaci\u00f3n sobre tratamiento, derechos del usuario y uso responsable.","robots":{"index":"index","follow":"follow","max-snippet":"max-snippet:-1","max-image-preview":"max-image-preview:large","max-video-preview":"max-video-preview:-1"},"canonical":"https:\/\/fgeimports.com\/en\/politica-de-privacidad\/","og_locale":"en_GB","og_type":"article","og_title":"Pol\u00edtica de privacidad - PuraSangre Imports","og_description":"Conoce c\u00f3mo PuraSangre Imports protege tus datos personales. Informaci\u00f3n sobre tratamiento, derechos del usuario y uso responsable.","og_url":"https:\/\/fgeimports.com\/en\/politica-de-privacidad\/","og_site_name":"PuraSangre Imports","article_modified_time":"2025-05-16T14:59:27+00:00","twitter_card":"summary_large_image","twitter_misc":{"Estimated reading time":"2 minutes"},"schema":{"@context":"https:\/\/schema.org","@graph":[{"@type":"WebPage","@id":"https:\/\/fgeimports.com\/politica-de-privacidad\/","url":"https:\/\/fgeimports.com\/politica-de-privacidad\/","name":"Pol\u00edtica de privacidad - PuraSangre Imports","isPartOf":{"@id":"https:\/\/fgeimports.com\/#website"},"datePublished":"2020-05-30T15:12:50+00:00","dateModified":"2025-05-16T14:59:27+00:00","description":"Conoce c\u00f3mo PuraSangre Imports protege tus datos personales. Informaci\u00f3n sobre tratamiento, derechos del usuario y uso responsable.","breadcrumb":{"@id":"https:\/\/fgeimports.com\/politica-de-privacidad\/#breadcrumb"},"inLanguage":"en-GB","potentialAction":[{"@type":"ReadAction","target":["https:\/\/fgeimports.com\/politica-de-privacidad\/"]}]},{"@type":"BreadcrumbList","@id":"https:\/\/fgeimports.com\/politica-de-privacidad\/#breadcrumb","itemListElement":[{"@type":"ListItem","position":1,"name":"Portada","item":"https:\/\/fgeimports.com\/"},{"@type":"ListItem","position":2,"name":"Pol\u00edtica de privacidad"}]},{"@type":"WebSite","@id":"https:\/\/fgeimports.com\/#website","url":"https:\/\/fgeimports.com\/","name":"PuraSangre Imports","description":"Tu coche ideal existe. Nosotros lo encontramos para ti.","publisher":{"@id":"https:\/\/fgeimports.com\/#organization"},"potentialAction":[{"@type":"SearchAction","target":{"@type":"EntryPoint","urlTemplate":"https:\/\/fgeimports.com\/?s={search_term_string}"},"query-input":{"@type":"PropertyValueSpecification","valueRequired":true,"valueName":"search_term_string"}}],"inLanguage":"en-GB"},{"@type":"Organization","@id":"https:\/\/fgeimports.com\/#organization","name":"PuraSangre Imports","url":"https:\/\/fgeimports.com\/","logo":{"@type":"ImageObject","inLanguage":"en-GB","@id":"https:\/\/fgeimports.com\/#\/schema\/logo\/image\/","url":"https:\/\/fgeimports.com\/wp-content\/uploads\/2025\/04\/og-image1200x630.jpg","contentUrl":"https:\/\/fgeimports.com\/wp-content\/uploads\/2025\/04\/og-image1200x630.jpg","width":1200,"height":630,"caption":"PuraSangre Imports"},"image":{"@id":"https:\/\/fgeimports.com\/#\/schema\/logo\/image\/"},"sameAs":["https:\/\/www.instagram.com\/purasangreautomobile\/"]}]}},"_links":{"self":[{"href":"https:\/\/fgeimports.com\/en\/wp-json\/wp\/v2\/pages\/14726","targetHints":{"allow":["GET"]}}],"collection":[{"href":"https:\/\/fgeimports.com\/en\/wp-json\/wp\/v2\/pages"}],"about":[{"href":"https:\/\/fgeimports.com\/en\/wp-json\/wp\/v2\/types\/page"}],"author":[{"embeddable":true,"href":"https:\/\/fgeimports.com\/en\/wp-json\/wp\/v2\/users\/1"}],"replies":[{"embeddable":true,"href":"https:\/\/fgeimports.com\/en\/wp-json\/wp\/v2\/comments?post=14726"}],"version-history":[{"count":4,"href":"https:\/\/fgeimports.com\/en\/wp-json\/wp\/v2\/pages\/14726\/revisions"}],"predecessor-version":[{"id":19240,"href":"https:\/\/fgeimports.com\/en\/wp-json\/wp\/v2\/pages\/14726\/revisions\/19240"}],"wp:attachment":[{"href":"https:\/\/fgeimports.com\/en\/wp-json\/wp\/v2\/media?parent=14726"}],"curies":[{"name":"wp","href":"https:\/\/api.w.org\/{rel}","templated":true}]}}