{"id":18465,"date":"2025-05-05T15:48:34","date_gmt":"2025-05-05T15:48:34","guid":{"rendered":"https:\/\/fgeimports.com\/?page_id=18465"},"modified":"2025-05-15T15:36:49","modified_gmt":"2025-05-15T15:36:49","slug":"aviso-legal","status":"publish","type":"page","link":"https:\/\/fgeimports.com\/en\/aviso-legal\/","title":{"rendered":"Legal Notice"},"content":{"rendered":"<div data-elementor-type=\"wp-page\" data-elementor-id=\"18465\" class=\"elementor elementor-18465\">\n\t\t\t\t\t\t<section class=\"elementor-section elementor-top-section elementor-element elementor-element-8554e26 elementor-section-boxed elementor-section-height-default elementor-section-height-default\" data-id=\"8554e26\" data-element_type=\"section\" data-e-type=\"section\">\n\t\t\t\t\t\t<div class=\"elementor-container elementor-column-gap-default\">\n\t\t\t\t\t<div class=\"elementor-column elementor-col-100 elementor-top-column elementor-element elementor-element-98ee24d\" data-id=\"98ee24d\" data-element_type=\"column\" data-e-type=\"column\">\n\t\t\t<div class=\"elementor-widget-wrap elementor-element-populated\">\n\t\t\t\t\t\t<div class=\"elementor-element elementor-element-06ed763 elementor-widget elementor-widget-text-editor\" data-id=\"06ed763\" data-element_type=\"widget\" data-e-type=\"widget\" data-widget_type=\"text-editor.default\">\n\t\t\t\t<div class=\"elementor-widget-container\">\n\t\t\t\t\t\t\t\t\t<p>In compliance with the duty of information set out in Article 10 of Law 34\/2002, of July 11, on Information Society Services and Electronic Commerce, the following identifying data of the website owner is provided:<\/p>\n\n<ul>\n  <li class=\"translation-block\"><strong>Owner:<\/strong> FGE Imports &amp; Investments S.L<\/li>\n  <li class=\"translation-block\"><strong>Tax ID (CIF):<\/strong> B75734392<\/li>\n  <li class=\"translation-block\"><strong>Registered Address:<\/strong> Calle Iglesia, 11 \u2013 22586 Lascuarre, Huesca, Spain<\/li>\n  <li><strong>Contact Phone:<\/strong> +34 624 854 181<\/li>\n  <li><strong>Email<\/strong> fgeconsulting@fgeimports.com<\/li>\n  <li><strong>Trade Name:<\/strong> PuraSangre Imports<\/li>\n  <li><strong>Associated Domains:<\/strong> fgeimports.com \/ fgeimports.es<\/li>\n<\/ul>\n\n<h4>Purpose<\/h4>\n<p>This website aims to provide information about high-end vehicles available for sale, either in stock or by custom request, as well as allow direct contact with the PuraSangre Imports team.<\/p>\n\n<h4>Terms of Use<\/h4>\n<p>Accessing and browsing this website attributes the status of user and implies full and unreserved acceptance of these terms of use. The owner reserves the right to modify content, conditions, and services at any time, and to limit, suspend, or terminate access without notice.<\/p>\n\n<h4>Intellectual and Industrial Property<\/h4>\n<p>All content on this website, including text, images, designs, logos, icons, and other elements, are the property of FGE Imports &amp; Investments S.L or third parties who have authorized their use. Reproduction or distribution without express permission is prohibited.<\/p>\n\n<h4>Liability<\/h4>\n<p>FGE Imports &amp; Investments S.L is not responsible for any errors or omissions in the content, or for any damages arising from the use of the website. It also does not guarantee the absence of viruses or other elements that may cause alterations in user systems.<\/p>\n\n<h4>Links to Third Parties<\/h4>\n<p>This website may contain links to external websites. FGE Imports &amp; Investments S.L is not responsible for the content or operation of these third-party websites.<\/p>\n\n<h4>Applicable Law<\/h4>\n<p>This legal notice is governed by Spanish law. The parties agree to submit to the Courts of Huesca, unless otherwise legally required.<\/p>\n\t\t\t\t\t\t\t\t<\/div>\n\t\t\t\t<\/div>\n\t\t\t\t\t<\/div>\n\t\t<\/div>\n\t\t\t\t\t<\/div>\n\t\t<\/section>\n\t\t\t\t<\/div>","protected":false},"excerpt":{"rendered":"<p>En cumplimiento con el deber de informaci\u00f3n recogido en el art\u00edculo 10 de la Ley 34\/2002, de 11 de julio, de Servicios de la Sociedad de la Informaci\u00f3n y del Comercio Electr\u00f3nico, se exponen a continuaci\u00f3n los datos identificativos del titular del sitio web: Titular: FGE Imports &#038; Investments S.L NIF\/CIF: B75734392 Domicilio social: Calle [&hellip;]<\/p>\n","protected":false},"author":1,"featured_media":0,"parent":0,"menu_order":0,"comment_status":"closed","ping_status":"closed","template":"","meta":{"footnotes":""},"class_list":["post-18465","page","type-page","status-publish","hentry"],"yoast_head":"<!-- This site is optimized with the Yoast SEO plugin v27.5 - https:\/\/yoast.com\/product\/yoast-seo-wordpress\/ -->\n<title>Aviso Legal - PuraSangre Imports<\/title>\n<meta name=\"description\" content=\"Consulta el aviso legal de PuraSangre Imports: informaci\u00f3n sobre titularidad, propiedad intelectual y condiciones de uso del sitio web.\" \/>\n<meta name=\"robots\" content=\"index, follow, max-snippet:-1, max-image-preview:large, max-video-preview:-1\" \/>\n<link rel=\"canonical\" href=\"https:\/\/fgeimports.com\/en\/aviso-legal\/\" \/>\n<meta property=\"og:locale\" content=\"en_GB\" \/>\n<meta property=\"og:type\" content=\"article\" \/>\n<meta property=\"og:title\" content=\"Aviso Legal - PuraSangre Imports\" \/>\n<meta property=\"og:description\" content=\"Consulta el aviso legal de PuraSangre Imports: informaci\u00f3n sobre titularidad, propiedad intelectual y condiciones de uso del sitio web.\" \/>\n<meta property=\"og:url\" content=\"https:\/\/fgeimports.com\/en\/aviso-legal\/\" \/>\n<meta property=\"og:site_name\" content=\"PuraSangre Imports\" \/>\n<meta property=\"article:modified_time\" content=\"2025-05-15T15:36:49+00:00\" \/>\n<meta name=\"twitter:card\" content=\"summary_large_image\" \/>\n<meta name=\"twitter:label1\" content=\"Estimated reading time\" \/>\n\t<meta name=\"twitter:data1\" content=\"2 minutes\" \/>\n<script type=\"application\/ld+json\" class=\"yoast-schema-graph\">{\"@context\":\"https:\\\/\\\/schema.org\",\"@graph\":[{\"@type\":\"WebPage\",\"@id\":\"https:\\\/\\\/fgeimports.com\\\/aviso-legal\\\/\",\"url\":\"https:\\\/\\\/fgeimports.com\\\/aviso-legal\\\/\",\"name\":\"Aviso Legal - PuraSangre Imports\",\"isPartOf\":{\"@id\":\"https:\\\/\\\/fgeimports.com\\\/#website\"},\"datePublished\":\"2025-05-05T15:48:34+00:00\",\"dateModified\":\"2025-05-15T15:36:49+00:00\",\"description\":\"Consulta el aviso legal de PuraSangre Imports: informaci\u00f3n sobre titularidad, propiedad intelectual y condiciones de uso del sitio web.\",\"breadcrumb\":{\"@id\":\"https:\\\/\\\/fgeimports.com\\\/aviso-legal\\\/#breadcrumb\"},\"inLanguage\":\"en-GB\",\"potentialAction\":[{\"@type\":\"ReadAction\",\"target\":[\"https:\\\/\\\/fgeimports.com\\\/aviso-legal\\\/\"]}]},{\"@type\":\"BreadcrumbList\",\"@id\":\"https:\\\/\\\/fgeimports.com\\\/aviso-legal\\\/#breadcrumb\",\"itemListElement\":[{\"@type\":\"ListItem\",\"position\":1,\"name\":\"Portada\",\"item\":\"https:\\\/\\\/fgeimports.com\\\/\"},{\"@type\":\"ListItem\",\"position\":2,\"name\":\"Aviso Legal\"}]},{\"@type\":\"WebSite\",\"@id\":\"https:\\\/\\\/fgeimports.com\\\/#website\",\"url\":\"https:\\\/\\\/fgeimports.com\\\/\",\"name\":\"PuraSangre Imports\",\"description\":\"Tu coche ideal existe. Nosotros lo encontramos para ti.\",\"publisher\":{\"@id\":\"https:\\\/\\\/fgeimports.com\\\/#organization\"},\"potentialAction\":[{\"@type\":\"SearchAction\",\"target\":{\"@type\":\"EntryPoint\",\"urlTemplate\":\"https:\\\/\\\/fgeimports.com\\\/?s={search_term_string}\"},\"query-input\":{\"@type\":\"PropertyValueSpecification\",\"valueRequired\":true,\"valueName\":\"search_term_string\"}}],\"inLanguage\":\"en-GB\"},{\"@type\":\"Organization\",\"@id\":\"https:\\\/\\\/fgeimports.com\\\/#organization\",\"name\":\"PuraSangre Imports\",\"url\":\"https:\\\/\\\/fgeimports.com\\\/\",\"logo\":{\"@type\":\"ImageObject\",\"inLanguage\":\"en-GB\",\"@id\":\"https:\\\/\\\/fgeimports.com\\\/#\\\/schema\\\/logo\\\/image\\\/\",\"url\":\"https:\\\/\\\/fgeimports.com\\\/wp-content\\\/uploads\\\/2025\\\/04\\\/og-image1200x630.jpg\",\"contentUrl\":\"https:\\\/\\\/fgeimports.com\\\/wp-content\\\/uploads\\\/2025\\\/04\\\/og-image1200x630.jpg\",\"width\":1200,\"height\":630,\"caption\":\"PuraSangre Imports\"},\"image\":{\"@id\":\"https:\\\/\\\/fgeimports.com\\\/#\\\/schema\\\/logo\\\/image\\\/\"},\"sameAs\":[\"https:\\\/\\\/www.instagram.com\\\/purasangreautomobile\\\/\"]}]}<\/script>\n<!-- \/ Yoast SEO plugin. -->","yoast_head_json":{"title":"Aviso Legal - PuraSangre Imports","description":"Consulta el aviso legal de PuraSangre Imports: informaci\u00f3n sobre titularidad, propiedad intelectual y condiciones de uso del sitio web.","robots":{"index":"index","follow":"follow","max-snippet":"max-snippet:-1","max-image-preview":"max-image-preview:large","max-video-preview":"max-video-preview:-1"},"canonical":"https:\/\/fgeimports.com\/en\/aviso-legal\/","og_locale":"en_GB","og_type":"article","og_title":"Aviso Legal - PuraSangre Imports","og_description":"Consulta el aviso legal de PuraSangre Imports: informaci\u00f3n sobre titularidad, propiedad intelectual y condiciones de uso del sitio web.","og_url":"https:\/\/fgeimports.com\/en\/aviso-legal\/","og_site_name":"PuraSangre Imports","article_modified_time":"2025-05-15T15:36:49+00:00","twitter_card":"summary_large_image","twitter_misc":{"Estimated reading time":"2 minutes"},"schema":{"@context":"https:\/\/schema.org","@graph":[{"@type":"WebPage","@id":"https:\/\/fgeimports.com\/aviso-legal\/","url":"https:\/\/fgeimports.com\/aviso-legal\/","name":"Aviso Legal - PuraSangre Imports","isPartOf":{"@id":"https:\/\/fgeimports.com\/#website"},"datePublished":"2025-05-05T15:48:34+00:00","dateModified":"2025-05-15T15:36:49+00:00","description":"Consulta el aviso legal de PuraSangre Imports: informaci\u00f3n sobre titularidad, propiedad intelectual y condiciones de uso del sitio web.","breadcrumb":{"@id":"https:\/\/fgeimports.com\/aviso-legal\/#breadcrumb"},"inLanguage":"en-GB","potentialAction":[{"@type":"ReadAction","target":["https:\/\/fgeimports.com\/aviso-legal\/"]}]},{"@type":"BreadcrumbList","@id":"https:\/\/fgeimports.com\/aviso-legal\/#breadcrumb","itemListElement":[{"@type":"ListItem","position":1,"name":"Portada","item":"https:\/\/fgeimports.com\/"},{"@type":"ListItem","position":2,"name":"Aviso Legal"}]},{"@type":"WebSite","@id":"https:\/\/fgeimports.com\/#website","url":"https:\/\/fgeimports.com\/","name":"PuraSangre Imports","description":"Tu coche ideal existe. Nosotros lo encontramos para ti.","publisher":{"@id":"https:\/\/fgeimports.com\/#organization"},"potentialAction":[{"@type":"SearchAction","target":{"@type":"EntryPoint","urlTemplate":"https:\/\/fgeimports.com\/?s={search_term_string}"},"query-input":{"@type":"PropertyValueSpecification","valueRequired":true,"valueName":"search_term_string"}}],"inLanguage":"en-GB"},{"@type":"Organization","@id":"https:\/\/fgeimports.com\/#organization","name":"PuraSangre Imports","url":"https:\/\/fgeimports.com\/","logo":{"@type":"ImageObject","inLanguage":"en-GB","@id":"https:\/\/fgeimports.com\/#\/schema\/logo\/image\/","url":"https:\/\/fgeimports.com\/wp-content\/uploads\/2025\/04\/og-image1200x630.jpg","contentUrl":"https:\/\/fgeimports.com\/wp-content\/uploads\/2025\/04\/og-image1200x630.jpg","width":1200,"height":630,"caption":"PuraSangre Imports"},"image":{"@id":"https:\/\/fgeimports.com\/#\/schema\/logo\/image\/"},"sameAs":["https:\/\/www.instagram.com\/purasangreautomobile\/"]}]}},"_links":{"self":[{"href":"https:\/\/fgeimports.com\/en\/wp-json\/wp\/v2\/pages\/18465","targetHints":{"allow":["GET"]}}],"collection":[{"href":"https:\/\/fgeimports.com\/en\/wp-json\/wp\/v2\/pages"}],"about":[{"href":"https:\/\/fgeimports.com\/en\/wp-json\/wp\/v2\/types\/page"}],"author":[{"embeddable":true,"href":"https:\/\/fgeimports.com\/en\/wp-json\/wp\/v2\/users\/1"}],"replies":[{"embeddable":true,"href":"https:\/\/fgeimports.com\/en\/wp-json\/wp\/v2\/comments?post=18465"}],"version-history":[{"count":8,"href":"https:\/\/fgeimports.com\/en\/wp-json\/wp\/v2\/pages\/18465\/revisions"}],"predecessor-version":[{"id":19237,"href":"https:\/\/fgeimports.com\/en\/wp-json\/wp\/v2\/pages\/18465\/revisions\/19237"}],"wp:attachment":[{"href":"https:\/\/fgeimports.com\/en\/wp-json\/wp\/v2\/media?parent=18465"}],"curies":[{"name":"wp","href":"https:\/\/api.w.org\/{rel}","templated":true}]}}